{"id":9721,"date":"2016-09-26T15:54:30","date_gmt":"2016-09-26T15:54:30","guid":{"rendered":"http:\/\/sensus.zoom-marketing.pl\/?page_id=9721"},"modified":"2019-01-28T12:25:54","modified_gmt":"2019-01-28T12:25:54","slug":"zabezpieczenia-imprez-masowych-pod-wzgledem-medycznym","status":"publish","type":"page","link":"https:\/\/sensusratownictwo.pl\/de\/zabezpieczenia-imprez-masowych-pod-wzgledem-medycznym\/","title":{"rendered":"Sicherung der Massenveranstaltungen"},"content":{"rendered":"<div class=\"wpb-content-wrapper\"><p>[vc_row full_width=&#8220;stretch_row&#8220; content_placement=&#8220;middle&#8220;][vc_column el_align=&#8220;center&#8220; width=&#8220;2\/4&#8243;][vc_column_text]<\/p>\n<p style=\"text-align: right;\">Das geltende Recht verlangt, dass alle Veranstaltungen als Massenveranstaltungen behandelt werden, bei denen die Anzahl der Teilnehmer \u00fcbersteigt*:<\/p>\n<p>[\/vc_column_text][\/vc_column][vc_column width=&#8220;1\/4&#8243;]<div class='dt-sc-icon-box type3 '><div class=\"icon-wrapper\"><span class='fa fa-cloud'> <\/span><\/div><div class=\"icon-content\"><h4>1.000 Personen<\/h4>unter freiem Himmel<\/div><\/div>[\/vc_column][vc_column width=&#8220;1\/4&#8243;]<div class='dt-sc-icon-box type3 '><div class=\"icon-wrapper\"><span class='fa fa-building-o'> <\/span><\/div><div class=\"icon-content\"><h4>300 Personen<\/h4>an einem geschlossenen Ort<\/div><\/div>[\/vc_column][\/vc_row][vc_row][vc_column][vc_empty_space][vc_column_text]Jeder Veranstalter der Events, Feste, Sportveranstaltungen oder sonstigen Veranstaltungen muss daran nicht vergessen, an denen die gro\u03b2e Frequenz erwartet wird.<br \/>\nDa die Organisatoren in der Regel nicht \u00fcber ausreichende medizinische Einrichtungen verf\u00fcgen, ist es am besten, die Krankenversicherung der externen Firma zu beauftragen. SENSUS dank der hart erarbeiteten und effektiven Arbeit der Marke ist eines der wichtigsten Unternehmen, das solche Dienstleistungen in Zielona G\u00f3ra und in der Umgebung anbietet. Bei Bedarf k\u00f6nnen wir jedoch auch an anderen Orten in Deutschland den ausreichenden medizinischen Sicherung bieten.[\/vc_column_text][\/vc_column][\/vc_row][vc_row][vc_column][vc_column_text]<\/p>\n<h3>Wir garantieren:<\/h3>\n<p>[\/vc_column_text]<div class='dt-sc-tabs-vertical-container '><ul class='dt-sc-tabs-vertical'><li><a href=\"#\"><span class='fa fa-user-md'><\/span>Die Fu\u00dfrettungsstreifendienst<\/a><\/li><li><a href=\"#\"><span class='fa fa-ambulance'><\/span>Die Medizinische Reiseteams<\/a><\/li><li><a href=\"#\"><span class='fa fa-plus-square'><\/span>Der medizinische Punkt<\/a><\/li><\/ul><div class='dt-sc-tabs-vertical-content'>[vc_column_text]Ausgestattet mit dem fortschrittlichen medizinischen Satz (Verbandsmittel, Desinfektionsmittel, Schienen, Glucometer, Blutdruckmessger\u00e4t, Thermometer, Anti-Schock-Satz und notwendige Medikamente). Der Leiter ist immer medizinischer Retter, der befugt ist, fortgeschrittene medizinische Rettungsma\u00dfnahmen durchzuf\u00fchren.[\/vc_column_text]<\/div><div class='dt-sc-tabs-vertical-content'>[vc_column_text]haben zur Verf\u00fcgung Mercedes Sprinter-Krankenwagen, die komplett mit Ausr\u00fcstung und medizinischen Ger\u00e4ten ausgestattet sind, die erf\u00fcllen die Anforderungen von Spezial-S-Krankenwagen (einschlie\u00dflich manuellem Defibrillator, Beatmungsger\u00e4t, Infusionspumpen).[\/vc_column_text]<\/div><div class='dt-sc-tabs-vertical-content'>[vc_column_text]eine station\u00e4re Stelle f\u00fcr die medizinische Versorgung, ausgestattet mit Ausr\u00fcstung und medizinischem Mittel, mit Personal, das aus Sanit\u00e4tern und, wenn es n\u04e7tig ist, einem Arzt besteht.[\/vc_column_text]<\/div><\/div>[\/vc_column][\/vc_row][vc_row][vc_column]<div class='dt-sc-warning-box '>Als einziges Unternehmen, das medizinische Sicherheitsdienste in der Region leistet, bieten wir auch die Zusammenarbeit in den sogenannten schwierigen Gel\u00e4nden an &#8211; Marathons, Waldl\u00e4ufe, 4&#215;4-Rallyes. In solchen ungew\u00f6hnlichen Situationen verwenden wir ein Quad, das speziell f\u00fcr die Unterst\u00fctzung des Verletzten ausgelegt ist, sowie ein Gel\u00e4ndefahrzeug, das den Anforderungen des Krankenwagens P (Ambulanz) entspricht.<\/div>[\/vc_column][\/vc_row][vc_row][vc_column][vc_column_text]Der medizinische Punkt und Reiseteams bieten die Pflege auf der Ebene des staatlichen medizinischen Rettungssystems (einschlie\u00dflich der Ausr\u00fcstung, mit der sie ausgestattet sind). Nach jeder, selbst kleinsten medizinischen Intervention, stellen wir qualifizierte Erste-Hilfe-Karten\/medizinische Rettungst\u00e4tigkeiten-Karten aus. Bei Bedarf auch einen Bericht \u00fcber den Vorfall nach ZUS.[\/vc_column_text][\/vc_column][\/vc_row][vc_row][vc_column el_align=&#8220;center&#8220;]<a href='\/kontakt' target='' title='' class='dt-sc-button   large icon-right with-icon  orange fully-rounded-border  ' > Wenn Sie sich f\u00fcr das Angebot interessieren, kontaktieren Sie uns bitte <span class='fa fa-comment-o'> <\/span><\/a>[\/vc_column][\/vc_row][vc_row][vc_column][vc_empty_space][vc_column_text]<\/p>\n<p style=\"text-align: right;\">*Rechtsgrundlage: Verordnung des Gesundheitsministers vom 6. Februar 2012 \u00fcber die Mindestanforderungen f\u00fcr die medizinische Abdeckung eines Massenereignisses; Gesetz \u00fcber die Sicherheit von Massenereignissen (Gesetzblatt Nr. 106, Punkt 680 von 1998 in der ge\u00e4nderten Fassung)<\/p>\n<p>[\/vc_column_text][\/vc_column][\/vc_row]<\/p>\n<\/div>","protected":false},"excerpt":{"rendered":"<p>[vc_row full_width=&#8220;stretch_row&#8220; content_placement=&#8220;middle&#8220;][vc_column el_align=&#8220;center&#8220; width=&#8220;2\/4&#8243;][vc_column_text] Das geltende Recht verlangt, dass alle Veranstaltungen als Massenveranstaltungen behandelt werden, bei denen die Anzahl der Teilnehmer \u00fcbersteigt*: [\/vc_column_text][\/vc_column][vc_column width=&#8220;1\/4&#8243;][\/vc_column][vc_column width=&#8220;1\/4&#8243;][\/vc_column][\/vc_row][vc_row][vc_column][vc_empty_space][vc_column_text]Jeder Veranstalter der Events, Feste, [&hellip;]<\/p>\n","protected":false},"author":1,"featured_media":0,"parent":0,"menu_order":0,"comment_status":"closed","ping_status":"closed","template":"","meta":{"_bbp_topic_count":0,"_bbp_reply_count":0,"_bbp_total_topic_count":0,"_bbp_total_reply_count":0,"_bbp_voice_count":0,"_bbp_anonymous_reply_count":0,"_bbp_topic_count_hidden":0,"_bbp_reply_count_hidden":0,"_bbp_forum_subforum_count":0,"footnotes":""},"class_list":["post-9721","page","type-page","status-publish","hentry"],"_links":{"self":[{"href":"https:\/\/sensusratownictwo.pl\/de\/wp-json\/wp\/v2\/pages\/9721"}],"collection":[{"href":"https:\/\/sensusratownictwo.pl\/de\/wp-json\/wp\/v2\/pages"}],"about":[{"href":"https:\/\/sensusratownictwo.pl\/de\/wp-json\/wp\/v2\/types\/page"}],"author":[{"embeddable":true,"href":"https:\/\/sensusratownictwo.pl\/de\/wp-json\/wp\/v2\/users\/1"}],"replies":[{"embeddable":true,"href":"https:\/\/sensusratownictwo.pl\/de\/wp-json\/wp\/v2\/comments?post=9721"}],"version-history":[{"count":0,"href":"https:\/\/sensusratownictwo.pl\/de\/wp-json\/wp\/v2\/pages\/9721\/revisions"}],"wp:attachment":[{"href":"https:\/\/sensusratownictwo.pl\/de\/wp-json\/wp\/v2\/media?parent=9721"}],"curies":[{"name":"wp","href":"https:\/\/api.w.org\/{rel}","templated":true}]}}