{"id":9737,"date":"2016-09-26T16:24:40","date_gmt":"2016-09-26T16:24:40","guid":{"rendered":"http:\/\/sensus.zoom-marketing.pl\/?page_id=9737"},"modified":"2019-01-28T12:33:50","modified_gmt":"2019-01-28T12:33:50","slug":"szkolenie-z-zakresu-pierwszej-pomocy-przedmedycznej","status":"publish","type":"page","link":"https:\/\/sensusratownictwo.pl\/de\/szkolenie-z-zakresu-pierwszej-pomocy-przedmedycznej\/","title":{"rendered":"Die Erste-Hilfe-Schulung"},"content":{"rendered":"<div class=\"wpb-content-wrapper\"><p>[vc_row full_width=&#8220;stretch_row&#8220; content_placement=&#8220;middle&#8220;][vc_column el_align=&#8220;center&#8220;][vc_column_text]<\/p>\n<p style=\"text-align: justify;\">Unf\u00e4lle, pl\u00f6tzliche Erkrankungen und andere gesundheits- und lebensbedrohliche St\u00e4nde treten meistens im Alltag auf &#8211; fernab von qualifiziertem medizinischem Personal. Die Gesundheit und das Leben der verletzten Person h\u00e4ngen davon ab, ob ihre unmittelbare Umgebung das Geschehen bemerkt und Erste Hilfe leisten kann, bevor der Krankenwagen ankommt. In diesen wenigen Minuten sind die Zeugen des Ereignisses eigentlich nur f\u00fcr sich und ihre F\u00e4higkeiten gestellt- deshalb sollte der Erste-Hilfe-Kurs jeden Menschen vergehen. Man wei\u03b2 nie, wann erworbenes Wissen erforderlich sein wird, um jemanden zu retten, oft den geliebten Menschen.<\/p>\n<p>[\/vc_column_text][\/vc_column][\/vc_row][vc_row][vc_column][vc_column_text]<strong>Das Erste-Hilfe-Schulung durchgef\u00fchrt von SENSUS umfasst zwei Module: theoretisch und praktisch:<\/strong>[\/vc_column_text]<div class='dt-sc-tabs-vertical-container '><ul class='dt-sc-tabs-vertical'><li><a href=\"#\">Modul I - theoretischer Teil<\/a><\/li><li><a href=\"#\">Modul II - praktischer Teil<\/a><\/li><\/ul><div class='dt-sc-tabs-vertical-content'>[vc_column_text]Die Unterrichte dauern bis zu 5 Stunden, in denen die Teilnehmer lernen, die h\u00e4ufigsten gesundheitlichen und lebensbedrohlichen Situationen zu erkennen, mit denen sie sich treffen k\u00f6nnen, und die Kenntnisse \u00fcber die Reaktion in bestimmten F\u00e4llen erwerben.[\/vc_column_text]<\/div><div class='dt-sc-tabs-vertical-content'>[vc_column_text]Es dauert bis zu 15 Stunden, in denen jeder Teilnehmer die M\u00f6glichkeit hat, das Verfahren in ausgew\u00e4hlten Situationen zu \u00fcben, die f\u00fcr die Bed\u00fcrfnisse der Unterrichte simuliert werden. Der Umfang der \u00dcbungen umfasst unter anderem: effektiver Notruf, die Sicherheit der Ereignisstelle, die Beurteilung der Lebensfunktionen, die Wiederbelebung (CPR), das Einsatz des Defibrillators (AED), die Wundauflage, die Ruhigstellung der Gliedma\u00dfen, das Verfahren in der Ohnmachten, die Platzierung in der stabilen Seitenlage.[\/vc_column_text]<\/div><\/div>[\/vc_column][\/vc_row][vc_row][vc_column]<div class='dt-sc-warning-box '>Die Schulungen hat keinen starren Verlauf &#8211; ist an die spezifischen Bed\u00fcrfnisse der Teilnehmer angepasst. Zum Beispiel im Falle von Schul- und Vorschulpersonal k\u00f6nnen wir mehr Wert auf die erste p\u00e4diatrische Hilfe legen, w\u00e4hrend der Kurs f\u00fcr die Produktionsfirma mehr Informationen zu den h\u00e4ufigsten mechanischen Verletzungen enth\u00e4lt.<\/div>[\/vc_column][\/vc_row][vc_row][vc_column][vc_column_text]Wir f\u00fchren die Schulungen f\u00fcr die Arbeitspl\u00e4tze, Schulen, Kinderg\u00e4rten, kommunale und st\u00e4dtische Sozialhilfezentren, Polizei, Feuerwehr, Sport- und Freizeitzentren, Stadt- und Gemeinde\u00e4mter sowie andere Gruppen durch, die am Erwerb von Erste-Hilfe-F\u00e4higkeiten interessiert sind. Man kann bis zu 200 Sch\u00fcler gleichzeitig \u00fcben. Jeder von ihnen erh\u00e4lt nach Abschluss der Schulung ein Zertifikat, das den Abschluss best\u00e4tigt.[\/vc_column_text][\/vc_column][\/vc_row][vc_row][vc_column el_align=&#8220;center&#8220;]<a href='\/kontakt' target='' title='' class='dt-sc-button   large icon-right with-icon  orange fully-rounded-border  ' >Wenn Sie sich f\u00fcr das Angebot interessieren, kontaktieren Sie uns bitte  <span class='fa fa-comment-o'> <\/span><\/a>[\/vc_column][\/vc_row]<\/p>\n<\/div>","protected":false},"excerpt":{"rendered":"<p>[vc_row full_width=&#8220;stretch_row&#8220; content_placement=&#8220;middle&#8220;][vc_column el_align=&#8220;center&#8220;][vc_column_text] Unf\u00e4lle, pl\u00f6tzliche Erkrankungen und andere gesundheits- und lebensbedrohliche St\u00e4nde treten meistens im Alltag auf &#8211; fernab von qualifiziertem medizinischem Personal. Die Gesundheit und das Leben der [&hellip;]<\/p>\n","protected":false},"author":1,"featured_media":0,"parent":0,"menu_order":0,"comment_status":"closed","ping_status":"closed","template":"","meta":{"_bbp_topic_count":0,"_bbp_reply_count":0,"_bbp_total_topic_count":0,"_bbp_total_reply_count":0,"_bbp_voice_count":0,"_bbp_anonymous_reply_count":0,"_bbp_topic_count_hidden":0,"_bbp_reply_count_hidden":0,"_bbp_forum_subforum_count":0,"footnotes":""},"class_list":["post-9737","page","type-page","status-publish","hentry"],"_links":{"self":[{"href":"https:\/\/sensusratownictwo.pl\/de\/wp-json\/wp\/v2\/pages\/9737"}],"collection":[{"href":"https:\/\/sensusratownictwo.pl\/de\/wp-json\/wp\/v2\/pages"}],"about":[{"href":"https:\/\/sensusratownictwo.pl\/de\/wp-json\/wp\/v2\/types\/page"}],"author":[{"embeddable":true,"href":"https:\/\/sensusratownictwo.pl\/de\/wp-json\/wp\/v2\/users\/1"}],"replies":[{"embeddable":true,"href":"https:\/\/sensusratownictwo.pl\/de\/wp-json\/wp\/v2\/comments?post=9737"}],"version-history":[{"count":0,"href":"https:\/\/sensusratownictwo.pl\/de\/wp-json\/wp\/v2\/pages\/9737\/revisions"}],"wp:attachment":[{"href":"https:\/\/sensusratownictwo.pl\/de\/wp-json\/wp\/v2\/media?parent=9737"}],"curies":[{"name":"wp","href":"https:\/\/api.w.org\/{rel}","templated":true}]}}