{"id":9742,"date":"2016-09-26T16:31:03","date_gmt":"2016-09-26T16:31:03","guid":{"rendered":"http:\/\/sensus.zoom-marketing.pl\/?page_id=9742"},"modified":"2019-01-28T12:36:43","modified_gmt":"2019-01-28T12:36:43","slug":"szkolenie-opiekun-osob-starszych","status":"publish","type":"page","link":"https:\/\/sensusratownictwo.pl\/de\/szkolenie-opiekun-osob-starszych\/","title":{"rendered":"Die Schulung f\u00fcr die Alterpfleger"},"content":{"rendered":"<div class=\"wpb-content-wrapper\"><p>[vc_row full_width=&#8220;stretch_row&#8220; content_placement=&#8220;middle&#8220;][vc_column el_align=&#8220;center&#8220;][vc_column_text]<\/p>\n<p style=\"text-align: justify;\">Die stetige Alterung der Gesellschaft macht, dass sich um Senioren nicht nur spezialisierte Pflegerinnen und Pfleger k\u00fcmmern. Sie sind oft die N\u00e4chste und Verwandte, die kein ausreichendes Wissen haben. Immer h\u00e4ufiger treffen wir uns auf die Suche nach Menschen, die in diese Richtung ausgebildet werden &#8211; von Unternehmen, die sich auf diese T\u00e4tigkeit spezialisieren, aber auch von Familien, die die Hilfe von dem qualifizierten Pfleger \u201estundenweise\u201d f\u00fcr schwerkranke Verwandte ben\u00f6tigen.<\/p>\n<p>[\/vc_column_text][\/vc_column][\/vc_row][vc_row][vc_column][vc_column_text]<strong>Die Schulung dauert in der Regel etwa 160 Stunden und umfasst folgende Themenbl\u00f6cke:<\/strong>[\/vc_column_text]<ul class='dt-sc-fancy-list  blue  check'>\n<li>psychologische Aspekte<\/li>\n<li>soziale Kompetenzen<\/li>\n<li>f\u00fcrsorgliche F\u00e4higkeiten<\/li>\n<li>rechtliche Zust\u00e4ndigkeiten<\/li>\n<li>Computerbedienungsgrundlagen<\/li>\n<\/ul>[\/vc_column][\/vc_row][vc_row][vc_column][vc_empty_space][vc_column_text]<\/p>\n<p style=\"text-align: justify;\">Wir f\u00fchren die Schulung nach dem VCC-Standard durch, wir haben die Qualifikationen des Trainers und des Examiner des Kurses \u201eDer Seniorenpfleger\u201d.<\/p>\n<p style=\"text-align: justify;\">Nach Abschluss der Schulung erh\u00e4lt jeder Teilnehmer ein Zertifikat, das sein Bestehen best\u00e4tigt.<\/p>\n<p>[\/vc_column_text][\/vc_column][\/vc_row][vc_row][vc_column el_align=&#8220;center&#8220;]<a href='\/kontakt' target='' title='' class='dt-sc-button   large icon-right with-icon  orange fully-rounded-border  ' >Wenn Sie sich f\u00fcr das Angebot interessieren, kontaktieren Sie uns bitte <span class='fa fa-comment-o'> <\/span><\/a>[\/vc_column][\/vc_row]<\/p>\n<\/div>","protected":false},"excerpt":{"rendered":"<p>[vc_row full_width=&#8220;stretch_row&#8220; content_placement=&#8220;middle&#8220;][vc_column el_align=&#8220;center&#8220;][vc_column_text] Die stetige Alterung der Gesellschaft macht, dass sich um Senioren nicht nur spezialisierte Pflegerinnen und Pfleger k\u00fcmmern. Sie sind oft die N\u00e4chste und Verwandte, die kein [&hellip;]<\/p>\n","protected":false},"author":1,"featured_media":0,"parent":0,"menu_order":0,"comment_status":"closed","ping_status":"closed","template":"","meta":{"_bbp_topic_count":0,"_bbp_reply_count":0,"_bbp_total_topic_count":0,"_bbp_total_reply_count":0,"_bbp_voice_count":0,"_bbp_anonymous_reply_count":0,"_bbp_topic_count_hidden":0,"_bbp_reply_count_hidden":0,"_bbp_forum_subforum_count":0,"footnotes":""},"class_list":["post-9742","page","type-page","status-publish","hentry"],"_links":{"self":[{"href":"https:\/\/sensusratownictwo.pl\/de\/wp-json\/wp\/v2\/pages\/9742"}],"collection":[{"href":"https:\/\/sensusratownictwo.pl\/de\/wp-json\/wp\/v2\/pages"}],"about":[{"href":"https:\/\/sensusratownictwo.pl\/de\/wp-json\/wp\/v2\/types\/page"}],"author":[{"embeddable":true,"href":"https:\/\/sensusratownictwo.pl\/de\/wp-json\/wp\/v2\/users\/1"}],"replies":[{"embeddable":true,"href":"https:\/\/sensusratownictwo.pl\/de\/wp-json\/wp\/v2\/comments?post=9742"}],"version-history":[{"count":0,"href":"https:\/\/sensusratownictwo.pl\/de\/wp-json\/wp\/v2\/pages\/9742\/revisions"}],"wp:attachment":[{"href":"https:\/\/sensusratownictwo.pl\/de\/wp-json\/wp\/v2\/media?parent=9742"}],"curies":[{"name":"wp","href":"https:\/\/api.w.org\/{rel}","templated":true}]}}