{"id":9787,"date":"2016-09-27T15:01:59","date_gmt":"2016-09-27T15:01:59","guid":{"rendered":"http:\/\/sensus.zoom-marketing.pl\/?page_id=9787"},"modified":"2019-01-28T12:40:10","modified_gmt":"2019-01-28T12:40:10","slug":"partnerzy","status":"publish","type":"page","link":"https:\/\/sensusratownictwo.pl\/de\/partnerzy\/","title":{"rendered":"PARTNER"},"content":{"rendered":"<div class=\"wpb-content-wrapper\"><p>[vc_row][vc_column][vc_column_text]<\/p>\n<p style=\"text-align: center;\">Obwohl SENSUS noch ein relativ junges Unternehmen ist, verschwenden wir keine Zeit. Wir arbeiten mit vielen verschiedenen privaten und \u00f6ffentlichen Rechtssubjekten zusammen, verbessern unsere F\u00e4higkeiten und sammeln Erfahrungen mit verschiedenen Arten von Sicherungen.<br \/>\nUnsere Partner sind auch Unternehmen aus der Medizinbranche, die uns mit Hoch-Qualit\u00e4t-Ausr\u00fcstung ausstatten. Dadurch k\u00f6nnen wir in der Situationen pl\u00f6tzlicher Gesundheits- und Lebensgefahr von Personen, die uns ihre Sicherheit anvertraut haben, effektiver arbeiten.<\/p>\n<p style=\"text-align: center;\"><strong>Erfahren Sie mehr \u00fcber unsere Partner:<\/strong><\/p>\n<p>[\/vc_column_text][\/vc_column][\/vc_row][vc_row][vc_column width=&#8220;1\/4&#8243;][vc_single_image image=&#8220;9788&#8243; alignment=&#8220;center&#8220; style=&#8220;vc_box_border_circle_2&#8243; onclick=&#8220;custom_link&#8220; img_link_target=&#8220;_blank&#8220; css_animation=&#8220;bottom-to-top&#8220; link=&#8220;https:\/\/www.facebook.com\/makroteam.zielonagora&#8220;][\/vc_column][vc_column width=&#8220;1\/4&#8243;][vc_single_image image=&#8220;9794&#8243; alignment=&#8220;center&#8220; style=&#8220;vc_box_border_circle_2&#8243; onclick=&#8220;custom_link&#8220; img_link_target=&#8220;_blank&#8220; css_animation=&#8220;bottom-to-top&#8220; link=&#8220;http:\/\/wopr.zgora.pl\/&#8220;][\/vc_column][vc_column width=&#8220;1\/4&#8243;][vc_single_image image=&#8220;9796&#8243; alignment=&#8220;center&#8220; style=&#8220;vc_box_border_circle_2&#8243; onclick=&#8220;custom_link&#8220; img_link_target=&#8220;_blank&#8220; css_animation=&#8220;bottom-to-top&#8220; link=&#8220;http:\/\/www.helisport.pl\/&#8220;][\/vc_column][vc_column width=&#8220;1\/4&#8243;][vc_single_image image=&#8220;9798&#8243; alignment=&#8220;center&#8220; style=&#8220;vc_box_border_circle_2&#8243; onclick=&#8220;custom_link&#8220; img_link_target=&#8220;_blank&#8220; css_animation=&#8220;bottom-to-top&#8220; link=&#8220;http:\/\/www.kronopol.pl\/&#8220;][\/vc_column][\/vc_row][vc_row][vc_column width=&#8220;1\/4&#8243;][vc_single_image image=&#8220;9803&#8243; alignment=&#8220;center&#8220; style=&#8220;vc_box_border_circle_2&#8243; onclick=&#8220;custom_link&#8220; img_link_target=&#8220;_blank&#8220; css_animation=&#8220;bottom-to-top&#8220; link=&#8220;http:\/\/nowegranice.pl\/aktualnosci\/&#8220;][\/vc_column][vc_column width=&#8220;1\/4&#8243;][vc_single_image image=&#8220;9712&#8243; alignment=&#8220;center&#8220; style=&#8220;vc_box_border_circle_2&#8243; onclick=&#8220;custom_link&#8220; img_link_target=&#8220;_blank&#8220; css_animation=&#8220;bottom-to-top&#8220; link=&#8220;http:\/\/www.osirsulechow.pl\/&#8220;][\/vc_column][vc_column width=&#8220;1\/4&#8243;][vc_single_image image=&#8220;9808&#8243; alignment=&#8220;center&#8220; style=&#8220;vc_box_border_circle_2&#8243; onclick=&#8220;custom_link&#8220; img_link_target=&#8220;_blank&#8220; css_animation=&#8220;bottom-to-top&#8220; link=&#8220;http:\/\/ortholine.pl\/&#8220;][\/vc_column][vc_column width=&#8220;1\/4&#8243;][vc_single_image image=&#8220;9809&#8243; alignment=&#8220;center&#8220; style=&#8220;vc_box_border_circle_2&#8243; onclick=&#8220;custom_link&#8220; img_link_target=&#8220;_blank&#8220; css_animation=&#8220;bottom-to-top&#8220; link=&#8220;http:\/\/www.straz.zgora.pl\/&#8220;][\/vc_column][\/vc_row][vc_row][vc_column width=&#8220;1\/4&#8243;][vc_single_image image=&#8220;9811&#8243; alignment=&#8220;center&#8220; style=&#8220;vc_box_border_circle_2&#8243; onclick=&#8220;custom_link&#8220; img_link_target=&#8220;_blank&#8220; css_animation=&#8220;bottom-to-top&#8220; link=&#8220;http:\/\/www.motopomocni.pl\/&#8220;][\/vc_column][vc_column width=&#8220;1\/4&#8243;][vc_single_image image=&#8220;9815&#8243; alignment=&#8220;center&#8220; style=&#8220;vc_box_border_circle_2&#8243; onclick=&#8220;custom_link&#8220; img_link_target=&#8220;_blank&#8220; css_animation=&#8220;bottom-to-top&#8220; link=&#8220;http:\/\/www.urolog.zgora.pl\/&#8220;][\/vc_column][vc_column width=&#8220;1\/4&#8243;][vc_single_image image=&#8220;9816&#8243; alignment=&#8220;center&#8220; style=&#8220;vc_box_border_circle_2&#8243; onclick=&#8220;custom_link&#8220; img_link_target=&#8220;_blank&#8220; css_animation=&#8220;bottom-to-top&#8220; link=&#8220;http:\/\/www.dragons.zgora.pl\/&#8220;][\/vc_column][vc_column width=&#8220;1\/4&#8243;][vc_single_image image=&#8220;9818&#8243; alignment=&#8220;center&#8220; style=&#8220;vc_box_border_circle_2&#8243; onclick=&#8220;custom_link&#8220; img_link_target=&#8220;_blank&#8220; css_animation=&#8220;bottom-to-top&#8220; link=&#8220;http:\/\/www.maxharter.com\/&#8220;][\/vc_column][\/vc_row][vc_row][vc_column width=&#8220;1\/4&#8243;][vc_single_image image=&#8220;9819&#8243; alignment=&#8220;center&#8220; style=&#8220;vc_box_border_circle_2&#8243; onclick=&#8220;custom_link&#8220; img_link_target=&#8220;_blank&#8220; css_animation=&#8220;bottom-to-top&#8220; link=&#8220;http:\/\/www.wallravracecenter.com\/&#8220;][\/vc_column][vc_column width=&#8220;1\/4&#8243;][vc_single_image image=&#8220;9820&#8243; alignment=&#8220;center&#8220; style=&#8220;vc_box_border_circle_2&#8243; onclick=&#8220;custom_link&#8220; img_link_target=&#8220;_blank&#8220; css_animation=&#8220;bottom-to-top&#8220; link=&#8220;http:\/\/www.lubecki.pl\/&#8220;][\/vc_column][vc_column width=&#8220;1\/4&#8243;][vc_single_image image=&#8220;9708&#8243; alignment=&#8220;center&#8220; style=&#8220;vc_box_border_circle_2&#8243; onclick=&#8220;custom_link&#8220; img_link_target=&#8220;_blank&#8220; css_animation=&#8220;bottom-to-top&#8220; link=&#8220;http:\/\/falubaz.com&#8220;][\/vc_column][vc_column width=&#8220;1\/4&#8243;][vc_single_image image=&#8220;9822&#8243; alignment=&#8220;center&#8220; style=&#8220;vc_box_border_circle_2&#8243; onclick=&#8220;custom_link&#8220; img_link_target=&#8220;_blank&#8220; css_animation=&#8220;bottom-to-top&#8220; link=&#8220;http:\/\/www.trans-medyk.com.pl\/&#8220;][\/vc_column][\/vc_row][vc_row][vc_column width=&#8220;1\/4&#8243;][vc_single_image image=&#8220;9823&#8243; alignment=&#8220;center&#8220; style=&#8220;vc_box_border_circle_2&#8243; onclick=&#8220;custom_link&#8220; img_link_target=&#8220;_blank&#8220; css_animation=&#8220;bottom-to-top&#8220; link=&#8220;http:\/\/www.mtb.kaczmarekelectric.pl\/&#8220;][\/vc_column][vc_column width=&#8220;1\/4&#8243;][vc_single_image image=&#8220;9825&#8243; alignment=&#8220;center&#8220; style=&#8220;vc_box_border_circle_2&#8243; onclick=&#8220;custom_link&#8220; img_link_target=&#8220;_blank&#8220; css_animation=&#8220;bottom-to-top&#8220; link=&#8220;http:\/\/www.stom-anest.com\/&#8220;][\/vc_column][vc_column width=&#8220;1\/4&#8243;][vc_single_image image=&#8220;9826&#8243; alignment=&#8220;center&#8220; style=&#8220;vc_box_border_circle_2&#8243; onclick=&#8220;custom_link&#8220; img_link_target=&#8220;_blank&#8220; css_animation=&#8220;bottom-to-top&#8220; link=&#8220;http:\/\/zuzel.falubaz.com\/fundacja&#8220;][\/vc_column][vc_column width=&#8220;1\/4&#8243;][\/vc_column][\/vc_row]<\/p>\n<\/div>","protected":false},"excerpt":{"rendered":"<p>[vc_row][vc_column][vc_column_text] Obwohl SENSUS noch ein relativ junges Unternehmen ist, verschwenden wir keine Zeit. Wir arbeiten mit vielen verschiedenen privaten und \u00f6ffentlichen Rechtssubjekten zusammen, verbessern unsere F\u00e4higkeiten und sammeln Erfahrungen mit [&hellip;]<\/p>\n","protected":false},"author":1,"featured_media":0,"parent":0,"menu_order":0,"comment_status":"closed","ping_status":"closed","template":"","meta":{"_bbp_topic_count":0,"_bbp_reply_count":0,"_bbp_total_topic_count":0,"_bbp_total_reply_count":0,"_bbp_voice_count":0,"_bbp_anonymous_reply_count":0,"_bbp_topic_count_hidden":0,"_bbp_reply_count_hidden":0,"_bbp_forum_subforum_count":0,"footnotes":""},"class_list":["post-9787","page","type-page","status-publish","hentry"],"_links":{"self":[{"href":"https:\/\/sensusratownictwo.pl\/de\/wp-json\/wp\/v2\/pages\/9787"}],"collection":[{"href":"https:\/\/sensusratownictwo.pl\/de\/wp-json\/wp\/v2\/pages"}],"about":[{"href":"https:\/\/sensusratownictwo.pl\/de\/wp-json\/wp\/v2\/types\/page"}],"author":[{"embeddable":true,"href":"https:\/\/sensusratownictwo.pl\/de\/wp-json\/wp\/v2\/users\/1"}],"replies":[{"embeddable":true,"href":"https:\/\/sensusratownictwo.pl\/de\/wp-json\/wp\/v2\/comments?post=9787"}],"version-history":[{"count":0,"href":"https:\/\/sensusratownictwo.pl\/de\/wp-json\/wp\/v2\/pages\/9787\/revisions"}],"wp:attachment":[{"href":"https:\/\/sensusratownictwo.pl\/de\/wp-json\/wp\/v2\/media?parent=9787"}],"curies":[{"name":"wp","href":"https:\/\/api.w.org\/{rel}","templated":true}]}}