{"id":9834,"date":"2016-09-29T15:29:27","date_gmt":"2016-09-29T15:29:27","guid":{"rendered":"http:\/\/sensus.zoom-marketing.pl\/?page_id=9834"},"modified":"2019-01-28T12:43:29","modified_gmt":"2019-01-28T12:43:29","slug":"kontakt","status":"publish","type":"page","link":"https:\/\/sensusratownictwo.pl\/de\/kontakt\/","title":{"rendered":"Kontakt"},"content":{"rendered":"<div class=\"wpb-content-wrapper\"><p>[vc_row][vc_column][vc_row_inner][vc_column_inner][vc_column_text]<\/p>\n<p style=\"text-align: center;\">Leiten Sie eine Firma? Vertreten Sie einen Sportverein oder eine lokale Regierung? Organisieren Sie eine Massenveranstaltung, eine \u00f6ffentliche Demonstration, Sportwettk\u00e4mpfe f\u00fcr Erwachsene, Kinder oder ganze Familien? Wir laden Sie herzlich ein, uns bez\u00fcglich des medizinischen Sicherung zu kontaktieren.<\/p>\n<p style=\"text-align: center;\">Wir sind flexibel, wir legen alle Bedingungen f\u00fcr die Zusammenarbeit individuell fest, je nach den Bed\u00fcrfnissen des Bestellers.<\/p>\n<p>[\/vc_column_text][\/vc_column_inner][\/vc_row_inner][\/vc_column][\/vc_row][vc_row][vc_column width=&#8220;1\/4&#8243;]<div class='dt-sc-contact-info type3 '><span class='pe-icon pe-call'> <\/span><h6>Ewelina K\u0119dziora<\/h6>(Der Besitzer der Firma, Lifeguard) <br> \u00a0tel. <a href=\"tel:664921228\">+48 664 921 228<\/a> <br> <a href=\"mailto:e.kedziora@sensusratownictwo.pl\">e.kedziora@sensusratownictwo.pl<\/a><\/div>[\/vc_column][vc_column width=&#8220;1\/4&#8243;]<div class='dt-sc-contact-info type3 '><span class='pe-icon pe-call'> <\/span><h6>Ewelina Czarczy\u0144ska<\/h6>(Manager) <br> tel. <a href=\"tel:666328466\">+48\u00a0666 32 84 66<\/a>\u00a0<br><\/p>\n<p><a href=\"mailto:Biuro@sensusratownictwo.pl\" target=\"_blank\" rel=\"noopener noreferrer\">biuro@sensusratownictwo.pl<\/a><\/div>[\/vc_column][vc_column width=&#8220;1\/4&#8243;]<div class='dt-sc-contact-info type3 '><span class='icon icon-pointer'> <\/span><h6>Sensus Ewelina K\u0119dziora<\/h6>ul. Sienkiewicza 4\/3\u00a0<br>\u00a065-443 Zielona G\u00f3ra, Polen <br>\u00a0NIP: 929-174-82-67\u00a0<br>\u00a0Regon: 081170526<\/div>[\/vc_column][vc_column width=&#8220;1\/4&#8243;]<div class='dt-sc-contact-info type3 '><span class='icon icon-dollars'> <\/span><h6> BANKKONTO:<\/h6><p class=\"m_8632119297733964117default-style\">PL06109025320000000137332011<\/p>\n<p class=\"m_8632119297733964117default-style\">Kod SWIFT banku:\u00a0WBKPPLPP<\/p><\/div>[\/vc_column][\/vc_row][vc_row][vc_column el_align=&#8220;center&#8220;]<a href='https:\/\/www.facebook.com\/sensusratownictwo\/' target='' title='' class='dt-sc-button   medium icon-left with-icon  rounded-border  '  style=\"color:#000000;\">M\u00f6chten Sie mit den Ereignissen, an denen wir teilnehmen, mithalten? Wie die SENSUS-Fanpage auf Facebook <span class='fa fa-facebook'> <\/span><\/a>[\/vc_column][\/vc_row]<\/p>\n<\/div>","protected":false},"excerpt":{"rendered":"<p>[vc_row][vc_column][vc_row_inner][vc_column_inner][vc_column_text] Leiten Sie eine Firma? Vertreten Sie einen Sportverein oder eine lokale Regierung? Organisieren Sie eine Massenveranstaltung, eine \u00f6ffentliche Demonstration, Sportwettk\u00e4mpfe f\u00fcr Erwachsene, Kinder oder ganze Familien? Wir laden Sie [&hellip;]<\/p>\n","protected":false},"author":1,"featured_media":0,"parent":0,"menu_order":0,"comment_status":"closed","ping_status":"closed","template":"","meta":{"_bbp_topic_count":0,"_bbp_reply_count":0,"_bbp_total_topic_count":0,"_bbp_total_reply_count":0,"_bbp_voice_count":0,"_bbp_anonymous_reply_count":0,"_bbp_topic_count_hidden":0,"_bbp_reply_count_hidden":0,"_bbp_forum_subforum_count":0,"footnotes":""},"class_list":["post-9834","page","type-page","status-publish","hentry"],"_links":{"self":[{"href":"https:\/\/sensusratownictwo.pl\/de\/wp-json\/wp\/v2\/pages\/9834"}],"collection":[{"href":"https:\/\/sensusratownictwo.pl\/de\/wp-json\/wp\/v2\/pages"}],"about":[{"href":"https:\/\/sensusratownictwo.pl\/de\/wp-json\/wp\/v2\/types\/page"}],"author":[{"embeddable":true,"href":"https:\/\/sensusratownictwo.pl\/de\/wp-json\/wp\/v2\/users\/1"}],"replies":[{"embeddable":true,"href":"https:\/\/sensusratownictwo.pl\/de\/wp-json\/wp\/v2\/comments?post=9834"}],"version-history":[{"count":0,"href":"https:\/\/sensusratownictwo.pl\/de\/wp-json\/wp\/v2\/pages\/9834\/revisions"}],"wp:attachment":[{"href":"https:\/\/sensusratownictwo.pl\/de\/wp-json\/wp\/v2\/media?parent=9834"}],"curies":[{"name":"wp","href":"https:\/\/api.w.org\/{rel}","templated":true}]}}